{"id":99,"date":"2006-05-14T14:54:06","date_gmt":"2006-05-14T12:54:06","guid":{"rendered":"http:\/\/www.kontrabassblog.de\/?page_id=99"},"modified":"2018-07-28T14:23:56","modified_gmt":"2018-07-28T14:23:56","slug":"buchtipps","status":"publish","type":"page","link":"https:\/\/www.kontrabassblog.de\/?page_id=99","title":{"rendered":"Buchtipps"},"content":{"rendered":"<h2>Kontrabassbau und -Geschichte<\/h2>\n<p><strong><a href=\"http:\/\/www.jonaslohse.de\/bassbuch\/\"><img loading=\"lazy\" decoding=\"async\" class=\"alignright wp-image-2795 size-thumbnail\" src=\"https:\/\/www.kontrabassblog.de\/wp-content\/uploads\/2018\/06\/Kontrabass-Buch_mockup-150x150.jpg\" alt=\"Das Kontrabass-Buch\" width=\"150\" height=\"150\" srcset=\"https:\/\/www.kontrabassblog.de\/wp-content\/uploads\/2018\/06\/Kontrabass-Buch_mockup-150x150.jpg 150w, https:\/\/www.kontrabassblog.de\/wp-content\/uploads\/2018\/06\/Kontrabass-Buch_mockup-500x500.jpg 500w, https:\/\/www.kontrabassblog.de\/wp-content\/uploads\/2018\/06\/Kontrabass-Buch_mockup-768x768.jpg 768w, https:\/\/www.kontrabassblog.de\/wp-content\/uploads\/2018\/06\/Kontrabass-Buch_mockup-1024x1024.jpg 1024w, https:\/\/www.kontrabassblog.de\/wp-content\/uploads\/2018\/06\/Kontrabass-Buch_mockup.jpg 2000w\" sizes=\"auto, (max-width: 150px) 100vw, 150px\" \/><\/a>Das Kontrabass-Buch<\/strong><br \/>\nJonas Lohse<br \/>\n<a href=\"http:\/\/www.jonaslohse.de\/bassbuch\/\">http:\/\/www.jonaslohse.de\/bassbuch\/<\/a><\/p>\n<p>&nbsp;<\/p>\n<p><strong>Geschichte des Kontrabasses<\/strong><br \/>\nAlfred Planyavsky, Herbert Seifert<br \/>\n220 \u20ac<br \/>\nEin wirklich dicker W\u00e4lzer, der neben instrumentenbaulichen Aspekten vor allem musikhistorische Themen behandelt. Zahlreiche Reproduktionen alter Abbildungen von Kontrab\u00e4ssen und Gamben (Stiche, Holzschnitte, Gem\u00e4lde).<br \/>\nDa dieses Werk nun wirklich zu der teureren Sorte geh\u00f6rt, lohnt u. U. ein Gang in die \u00f6rtliche Stadtbibliothek: unsere Frankfurter Stadtbibliothek hat es tats\u00e4chlich zur Ausleihe (wie auch andere hier aufgef\u00fchrte, aber bereits vergriffene B\u00fccher).<\/p>\n<p><strong>A New History of Double Bass<\/strong> (Engl.)<br \/>\n<a href=\"http:\/\/www.paulbrun.com\" target=\"_blank\" rel=\"noopener\">Paul Brun<\/a><br \/>\n70 \u20ac (direkt beim Autor Paul Brun erh\u00e4ltlich)<br \/>\nVilleneuve d&#8217;Ascq, Frankreich, 2000; 336 Seiten<br \/>\nPaul Brun besch\u00e4ftigt sich in seinem Buch unter anderem mit der instrumentenbaulichen Geschichte des Kontrabass und des Bogens, spieltechnischen Fragen, verschiedenen Stimmungen und den Biografien wichtiger Komponisten und Virtuose.<\/p>\n<p><strong><img decoding=\"async\" id=\"image98\" title=\"Wake\" src=\"https:\/\/www.kontrabassblog.de\/wp-content\/uploads\/2006\/05\/hs_wake1.thumbnail.jpg\" alt=\"Wake\" align=\"right\" \/>To Make A Double Bass<\/strong> (Engl.)<br \/>\nHarry S. Wake<br \/>\nSan Diego, USA, 1982<br \/>\nEine Anleitung zum Bassbau, vom blanken Brett bis zur Lackierung.<br \/>\nOhne Vorkenntnisse oder erg\u00e4nzende Literatur ist diese Brosch\u00fcre aber vermutlich etwas zu knapp, als dass man einen kompletten Bassbau erfolgreich abschlie\u00dfen k\u00f6nnte.<\/p>\n<p><strong><img decoding=\"async\" id=\"image91\" title=\"Hitchings\" src=\"https:\/\/www.kontrabassblog.de\/wp-content\/uploads\/2006\/05\/bassmaking.thumbnail.jpg\" alt=\"Hitchings\" align=\"right\" \/>Double Bass Making<\/strong> (Engl.)<br \/>\nBob Hitchings<br \/>\n35 \u00a3 + Versand, direkt vom Autor <a href=\"http:\/\/homepages.enterprise.net\/gwyllum\/bass\/doublebassmaking.html\" target=\"_blank\" rel=\"noopener\">Bob Hitchings<\/a><br \/>\nInhalt: Making the mould -Bending the ribs &#8211; Making the back &#8211; The neck ad scroll &#8211; The top &#8211; Assembly, endpin, fingerboard, saddle and tailpiece -Varnishing<br \/>\nDiese Brosch\u00fcre basiert auf Wake&#8217;s &#8220;To make a double bass&#8221;, ist aber ausf\u00fchrlicher und detailierter.<\/p>\n<p><strong><img decoding=\"async\" id=\"image96\" title=\"Chandler\" src=\"https:\/\/www.kontrabassblog.de\/wp-content\/uploads\/2006\/05\/Soyouwant.thumbnail.jpg\" alt=\"Chandler\" align=\"right\" \/>So you want to make a Double Bass<\/strong> (Engl.)<br \/>\nPeter Chandler<br \/>\n60 US$ (erh\u00e4ltlich bei <a href=\"http:\/\/www.violins.on.ca\/bassbook.html\" target=\"_blank\" rel=\"noopener\">Luscombe Violins<\/a>)<br \/>\n&#8220;By following the instructions in &#8216;So you want to make a Double bass&#8217;, anyone with a rudimentary knowledge of carpentry tools and their use should be able to make a playable bass. Instrument making is, in my opinion, less exacting than furniture making as curved lines are more forgiving than straight lines. Preparation of workshop and tools needed are discussed in chapter one. Details of making the four main parts &#8211; neck, scroll, rib assembly, front and back &#8211; are each allotted a chapter as are my varnishing process and set up. The final chapter describes my method of copying a bass&#8230;.&#8221;<\/p>\n<p><strong><img decoding=\"async\" id=\"image90\" title=\"Ampeg\" src=\"https:\/\/www.kontrabassblog.de\/wp-content\/uploads\/2006\/05\/ampegcover.thumbnail.jpg\" alt=\"Ampeg\" align=\"right\" \/>Ampeg \u2013 the story behind the sound<\/strong> (Engl.)<br \/>\nBill Moore and Gregg Hopkins<br \/>\nHal Leonhard Publ.<br \/>\n32,95 $<br \/>\nEin Buch \u00fcber Everett Hull und seine Firma Ampeg, die den ersten Kontrabass-Tonabnehmer, den Ampeg Baby Bass, und zahlreiche legend\u00e4re (E-)Bass-Amps auf den Markt brachte.<\/p>\n<p><strong>Geigenbau in neuer Sicht<\/strong><br \/>\nNeue Erkenntnisse \u00fcber das Wesen der Resonanz in Streichinstrumenten<br \/>\nHans R\u00f6dig<br \/>\nVerlag Erwin Bochinsky, Frankfurt am Main<br \/>\n(vergriffen)<br \/>\nZahlreiche neue \u00dcberlegungen zu baulichen Aspekten, aber auch zum Thema Setup und Klangoptimierung. Die Erstausgabe erschien 1962, und als zeittypisch kann man dann wohl auch diese Entgleisung des Autors einordnen:<br \/>\n&#8220;Ein weiteres \u00dcbel, die Beurteilungsf\u00e4higkeit eines Tones zu tr\u00fcben, liegt im \u00dcberhandnehmen des &#8220;Jazz&#8221;; &#8220;Sachverst\u00e4ndige&#8221; sagen: &#8220;Tsch\u00e4\u00e4hs&#8221;. Was dieses herrliche Wort bedeuten soll, wissen noch nicht einmal seine hervorragendsten Vertreter. Es ist aber eine nicht zu leugnende Wahrheit, da\u00df diese &#8220;Musik&#8221;-gattung dem Begriffe eines guten, sch\u00f6nen Geigentons diagonal gegen\u00fcber steht. Die beste Stradivarigeige k\u00f6nnte sich in den &#8220;Tsch\u00e4\u00e4s&#8221; nicht einf\u00fcgen, denn diese &#8220;Kunst&#8221;-\u00c4u\u00dferung hat mit &#8220;Musik&#8221; nichts zu tun. Diese &#8220;Picasso&#8221;-Musik mag wohl geeignet sein, die Sinne aufzupeitschn und die Beine zucken zu machen, aber dem Kampf ums Dasein erregten Gem\u00fct einen seelischen oder geistigen Ausgleich zu geben, das vermag sie nicht.&#8221;<br \/>\nNun ja, hier irrt der gute Mann bekannterma\u00dfen, aber was er ansonsten schreibt, ist ganz fundiert. Ich habe mein Exemplar \u00fcbrigens \u00fcber <a href=\"https:\/\/www.kontrabassblog.de\/www.booklooker.de\" target=\"_blank\" rel=\"noopener\">www.booklooker.de<\/a> aufgetrieben. F\u00fcr B\u00fccher m. E. ergiebiger als z. B. ebay.<\/p>\n<p><strong>Grundlagen der Geige und des Geigenbaus<\/strong><br \/>\nAndr\u00e9 Roussel<br \/>\nVerlag Erwin Bochinsky, Frankfurt am Main<br \/>\n25 \u20ac<br \/>\n&#8220;Ein Lehr- und Handbuch von Bau und Funktion der Streichinstrumente und ihrer Teile&#8221;<\/p>\n<p><strong><img decoding=\"async\" id=\"image89\" title=\"Die Kunst des Geigenbaus\" src=\"https:\/\/www.kontrabassblog.de\/wp-content\/uploads\/2006\/05\/3582001008.03.MZZZZZZZ.thumbnail.jpg\" alt=\"Die Kunst des Geigenbaus\" align=\"right\" \/>Die Kunst des Geigenbaues<\/strong><br \/>\nOtto M\u00f6ckel<br \/>\nVerlag Handwerk und Technik, Hamburg<br \/>\n99 \u20ac<br \/>\nErstmals erschienen 1930; seitdem mehrmals erweitert und neu aufgelegt. Umfasst Kapitel zur Akustik der Geige, Bau von Geigen, Werkzeugen, Materialien, H\u00f6lzer, Saiten, Reparatur und Restauration, zu B\u00f6gen und zu alten Meistergeigen. Ein wirklich sehr umfassendes und lesenswertes Buch zum Thema.<\/p>\n<p><strong><img decoding=\"async\" id=\"image97\" title=\"Traeger\" src=\"https:\/\/www.kontrabassblog.de\/wp-content\/uploads\/2006\/05\/covbass.thumbnail.jpg\" alt=\"Traeger\" align=\"right\" \/>Setup and Repair of the Double Bass for Optimum Sound<\/strong> (Engl.)<br \/>\nChuck Traeger (zusammen mit David Brownell und William Merchant)<br \/>\nVerlag Henry Strobel<br \/>\n85 $ (<a href=\"http:\/\/www.kontrabass-atelier.de\" target=\"_blank\" rel=\"noopener\">Link<\/a>)<br \/>\n375 Seiten<br \/>\nEigentlich das einzige Buch auf dem Markt, dass sich speziell mit der Restauration und dem Einrichten von Kontrab\u00e4ssen besch\u00e4ftigt \u2013 eine Pflichtlekt\u00fcre also f\u00fcr den professionellen Bassbauer, aber auch f\u00fcr interessierte Laien und Hobby-Bassrestauratoren.<br \/>\n&#8220;Chuck Traeger, who became a bass repairer in New York after a successful career as a jazz bass player, appears to have covered in this book nearly every possible type of double bass repair. . . Each type of repair is described thoroughly and in great detail. The manual includes information on bass-specific techniques such as fitting a low C-extension on the scroll and sound adjustments for jazz players; and general string-instrument techniques such as fitting adjusters to a bridge, high saddle, making purfling and fitting patches. There is also a section on bows which takes into account the budget and quality of the instrument, and many other low-budget techniques (including ironwork, rethickness-ing, and plywood bass repairs) are also discussed. Traeger understands the acoustic properties of the bass and considers these in his approach to all aspects of bass maintenance and repair. I found especially interesting his opinion on the differences in sound between the Italian, French and German schools of bass making, and his approach on how to optimise the instrument&#8217;s sound. . . I would recommend this book to anyone wishing to learn more about the double bass&#8217; construction and sounds. . . &#8220;<em> Stefan Krattenmacher (aus: Double Bassist)<\/em><\/p>\n<p><strong>Violin Making, Step by Step<\/strong> (Engl.)<br \/>\nHenry Strobel<br \/>\n&#8220;A complete traditional method. Brief description of alternate methods. From sharpening tools to adjustment and varnishing. For the beginning or advanced maker or the interested violinist.&#8221;<\/p>\n<p><strong>Geigenbau Schritt f\u00fcr Schritt<\/strong><br \/>\nHenry Strobel<br \/>\ndeutsche Ausgabe von &#8220;Violin Making, Step by Step&#8221;, \u00fcbersetzt von Prof. G. v. Reumont.<\/p>\n<p><strong>Violin Maker&#8217;s Notebook<\/strong> (Engl.)<br \/>\nHenry Strobel<br \/>\nEin Werkstatt-Handbuch mit Kapiteln \u00fcber Bogenbehaarung, Riss-Reparaturen und Lackretusche, Fotografieren von Instrumenten, Intervalle und Stimmungen, u. a.<\/p>\n<p><strong>Useful Measurements for Violinmakers<\/strong> (Engl.)<br \/>\nHenry Strobel<br \/>\nEin Standard-Nachschlagewerk mit Referenz-Ma\u00dfen f\u00fcr Geige, Bratsche, Cello, und Kontrabass. Tabellen, Texte, Diagramme, Erl\u00e4uterungen. Geigenbau-Begriffe in vier Sprachen.<\/p>\n<p><strong>Violin Restauration<\/strong> (Engl.)<br \/>\n<a href=\"http:\/\/www.hweisshaar.com\/repair_book.htm\" target=\"_blank\" rel=\"noopener\">Hans Weisshaar + Margeret Shipman<\/a>, Los Angeles, 1988<br \/>\n$300<br \/>\nDas Standardwerk schlechthin \u00fcber die Restauration von Streichinstrumenten, verfasst von dem aus Deutschland stammenden amerikanischen Geigenbauer Hans Weisshaar (\u00fcbrigens sehr weitl\u00e4ufig verwandt mit meiner Familie m\u00fctterlicherseits \ud83d\ude09<br \/>\n&#8220;This book presents the art and science of violin repair in a very clear manner. Written and published by Hans Weisshaar &amp; Margaret Shipman, it has become the world&#8217;s leading manual for violin restoration and repair. This book contains 41 chapters of detailed repair description, 125 photographs, 60 technical illustrations and 18 patterns.&#8221;<\/p>\n<p><strong><a class=\"imagelink\" title=\"Fachw\u00c3\u00b6rterbuch\" href=\"https:\/\/www.kontrabassblog.de\/wp-content\/uploads\/2006\/06\/fachwoerterbuch.gif\"><img decoding=\"async\" id=\"image151\" title=\"Fachwoerterbuch\" src=\"https:\/\/www.kontrabassblog.de\/wp-content\/uploads\/2006\/06\/fachwoerterbuch.thumbnail.gif\" alt=\"Fachwoerterbuch\" align=\"right\" \/><\/a>Fachw\u00f6rterbuch des Streichinstrumentenhandwerks<\/strong><br \/>\nDeutsch &#8211; Englisch<br \/>\nEnglisch &#8211; Deutsch<br \/>\nvon Thomas M. Gerbeth, Kacy Crystal-Sp\u00f6rer, Eduard Schwen<br \/>\nVerlag Erwin Bochinsky<br \/>\nca. 9000 Stichworte aus den Bereichen Grund- und Spezialwissen des Streichinstrumenten- und Bogenmacherhandwerks, Teile der Werkzeug-, Material- und Instrumentenkunde, der Musik, des Handwerks und des Handelswesens.<br \/>\n<em>Der Datenbestand dieses Buches ist auch online auf der <a href=\"http:\/\/www.gerbeth.at\/Fachbegriffe.htm\" target=\"_blank\" rel=\"noopener\">Website des Autors Thomas Gerbeth<\/a> verf\u00fcgbar.<\/em><\/p>\n<p><strong>Theorie und Praxis des Vibrationsentd\u00e4mpfens zur Resonanzverbesserung bei Musikinstrumenten<\/strong><br \/>\nBeseitigung von Wolft\u00f6nen und andere Regulierungsarbeiten<br \/>\nProf. Gerhard A. von Reumont<br \/>\nVerlag der Instrumentenbau-Zeitschrift, Siegburg 1996<br \/>\nProf. v. Reumont hat in den 1970er Jahren ein Verfahren zur mechanischen Vibrationsentd\u00e4mpfung (VED) entwickelt und patentieren lassen, dass er in seinem Buch ausf\u00fchrlich vorstellt und beschreibt.<\/p>\n<p><strong><img decoding=\"async\" id=\"image95\" title=\"e-violins\" src=\"https:\/\/www.kontrabassblog.de\/wp-content\/uploads\/2006\/05\/electricviolins.thumbnail.jpg\" alt=\"e-violins\" align=\"right\" \/>Electric Violins \u2013 Design und Technik der elektrischen Streichinstrumente<\/strong> (Deutsch\/Engl.)<br \/>\nDr. Hanno Gr\u00e4sser<br \/>\nVerlag Erwin Bochinsky, Frankfurt am Main<br \/>\n81 \u20ac<br \/>\n&#8220;Die Geschichte der elektrisch verst\u00e4rkten Streichinstrumente; Violinen, Violn, Celli und Kontrab\u00e4sse und ihre Hersteller; Die elektrische Verst\u00e4rkung der Geige, Ausgew\u00e4hlte Tonabnehmersysteme&#8221;<\/p>\n<p><strong><img decoding=\"async\" id=\"image94\" title=\"E-Gitarren\" src=\"https:\/\/www.kontrabassblog.de\/wp-content\/uploads\/2006\/05\/e_gitarren.thumbnail.jpg\" alt=\"E-Gitarren\" align=\"right\" \/>Elektrogitarren<\/strong> (Dtsch.)<br \/>\nDipl. Phys. Eberhard Meinel<br \/>\nVerlag Erwin Bochinsky, Frankfurt am Main<br \/>\nAus dem Inhaltsverzeichnis: Akustische Grundlagen, Saiten und Korpus, Tonabnahme, Gitarrenschaltungen, Abhilfe gegen St\u00f6rger\u00e4usche, Aktive Gitarrenelektronik, Gitarrenverst\u00e4rker, Lautsprecher und Boxen, Raumeinflu\u00df, Effekte, PA-Anlagen<br \/>\nElektrogitarren sind ja nun bekannterma\u00dfen nicht das Thema, um das es hier geht, aber da dieses Buch viele grundlegende Informationen zum Thema Verst\u00e4rkung enth\u00e4lt, habe ich es dennoch mit aufgenommen. Das Buch entstand in der DDR, wurde auch dort im Buchdruckverfahren (!) gedruckt, erschien aber im Frankfurter Erwin Bochinsky Verlag.<\/p>\n<h4>Kontrabass-Schulen<\/h4>\n<p><strong><img decoding=\"async\" id=\"image109\" title=\"b_raybrownbook1.jpg\" src=\"https:\/\/www.kontrabassblog.de\/wp-content\/uploads\/2006\/05\/b_raybrownbook1.thumbnail.jpg\" alt=\"b_raybrownbook1.jpg\" align=\"right\" \/>Ray Brown&#8217;s Bass Method<\/strong> (Engl.)<br \/>\nRay Brown<br \/>\nHal Leonard Publ.<br \/>\n&#8220;Essential scales, patterns and exercises: solo exercises and arpeggios; music fundamentals, right- and left-hand positions; scales, chords, exercises in tenth, rhythm patterns with &#8220;drops&#8221;; diminished chords, runs and variations, blues patterns; extension scales and exercises&#8221;. Erstmals erschienen 1963.<\/p>\n<p><strong><img decoding=\"async\" id=\"image103\" title=\"reid\" src=\"https:\/\/www.kontrabassblog.de\/wp-content\/uploads\/2006\/05\/b_rufusreidbook.thumbnail.jpg\" alt=\"reid\" align=\"right\" \/>The Evolving Bassist<\/strong> (Engl.\/Deutsch)<br \/>\nRufus Reid<br \/>\nMyriad Limited<br \/>\nPhysical positions &#8211; How to achieve a good pizzicato sound &#8211; Getting to know your fingerboard &#8211; Scales and chords; Cunstructing good and functional bass lines &#8211; Blues and Rhythm Changes; Latin lines and patterns &#8211; Dexterity, Solistic concept &#8211; transcribes solos &#8211; discography of significant bassists.<\/p>\n<p><strong><img decoding=\"async\" id=\"image104\" title=\"goldsby\" src=\"https:\/\/www.kontrabassblog.de\/wp-content\/uploads\/2006\/05\/b_goldsby.thumbnail.jpg\" alt=\"goldsby\" align=\"right\" \/>The Jazz Bass Book \u2013 Technique and Tradition<\/strong> (Engl.)<br \/>\nJohn Goldsby<br \/>\nBackbeat Books<br \/>\n&#8220;Explores the life and work of more than 70 important bassists. With exclusive interviews, transcriptions, profiles; from early New Orleans jazz through swing, bebop and the avant-garde.&#8221;<br \/>\nAutor John Goldsby ist Bassist der WDR-Bigband und u. a. auch auf einigen Jamey Aebersold-Playalongs zu h\u00f6ren.<\/p>\n<h2>Jazz-B\u00fccher<\/h2>\n<p><img decoding=\"async\" id=\"image105\" title=\"b_jazzlexikon.jpg\" src=\"https:\/\/www.kontrabassblog.de\/wp-content\/uploads\/2006\/05\/b_jazzlexikon.thumbnail.jpg\" alt=\"b_jazzlexikon.jpg\" align=\"right\" \/><\/p>\n<p><strong>Jazz Lexikon, Band 1 + 2<\/strong><br \/>\nMartin Kunzler<br \/>\nRowohlt<br \/>\n14,90 \u20ac je Band<br \/>\nFast 2000 Sachartikel und Biographien von Jazz-Musikern; in zwei B\u00e4nden: Band 1: A-L; Band 2: M-Z. Aktualisierte Neuauflage 2002. Der Herausgeber ist \u00fcbrigens auch Kontrabassist.<\/p>\n<p><strong><img decoding=\"async\" id=\"image106\" title=\"b_jazzstandards.jpg\" src=\"https:\/\/www.kontrabassblog.de\/wp-content\/uploads\/2006\/05\/b_jazzstandards.thumbnail.jpg\" alt=\"b_jazzstandards.jpg\" align=\"right\" \/>Jazz-Standards: das Lexikon<\/strong><br \/>\nHans-J\u00fcrgen Schaal<br \/>\nB\u00e4renreiter<br \/>\n34,90 \u20ac<br \/>\n&#8220;Jazz-Standards&#8221; ist kein weiteres Fake-Book, wie der Titel vermuten lassen k\u00f6nnte. Vielmehr widmet es sich den Geschichten hinter der meistgespielten St\u00fccken des Jazz. Neben blo\u00dfen Fakten wie Komponist und Textdichter, Entstehungsjahr und Verlag gehen die Autoren auf die zeit- und musikgeschichtlichen Hintergr\u00fcnde sowie die ma\u00dfgeblichen Jazz-Aufnahmen, Interpreten und Arrangements ein.<\/p>\n<p><strong><img decoding=\"async\" id=\"image108\" title=\"frankfurtsound.jpg\" src=\"https:\/\/www.kontrabassblog.de\/wp-content\/uploads\/2006\/05\/frankfurtsound.thumbnail.jpg\" alt=\"frankfurtsound.jpg\" align=\"right\" \/>Der Frankfurt Sound \u2013 eine Stadt und ihre Jazzgeschichte(n)<\/strong><br \/>\nJ\u00fcrgen Schwab<br \/>\nSociet\u00e4ts-Verlag<br \/>\nKlappentext: &#8220;Frankfurt Sound&#8221; &#8211; dieses 1957 von polnischen Musikern gepr\u00e4gte Schlagwort versuchte den spezifischen Cool Jazz des Kreises um Joki Freund und die Gebr\u00fcder Mangelsdorff auf den Punkt zu bringen. Von Frankfurt am Main gingen damals zahlreiche Impulse f\u00fcr das nationale und internationale Jazzgeschehen aus. So manches musikalische Leuchtfeuer wurde dabei von Albert Mangelsdorff entfacht, aber auch andere setzten Zeichen: etwa Horst Lippmann und Fritz Rau als Konzertveranstalter oder die Deutsche Jazz F\u00f6deration als Lobby f\u00fcr den Jazz. Am Beispiel der Hessenmetropole, in den ersten Nachkriegsjahrzehnten die &#8220;Jazzhauptstadt der Republik&#8221;, erz\u00e4hlt dieses Buch die Geschichte des Jazz in Deutschland: von den fr\u00fchesten verwunderten Reflexionen angesichts schwarzer K\u00fcnstler aus \u00dcbersee \u00fcber die Tanzbegeisterung der 1920er, die Kriminalisierung w\u00e4hrend der Nazizeit, die enthusiastische Aufbauarbeit der 1950er Jahre bis hin zur Selbstverst\u00e4ndlichkeit des Jazz als eines Ausdrucks zeitgem\u00e4\u00dfer Kunst. Zahlreiche Quellen und Bildarchive wurden f\u00fcr diese Publikation erstmals ausgewertet. In Wort und Bild entsteht so die h\u00f6chst lesenswerte Geschichte davon, wie der Jazz eine Stadt f\u00fcr sich gewann und wie einzelne B\u00fcrger dieser Stadt mit ihrem Enthusiasmus dazu beitrugen, dass der Jazz hierzulande zu einer eigenst\u00e4ndigen, inspirierten und dabei immer auch kritischen Kunst wurde. Zwei beigef\u00fcgte Audio-CDs mit f\u00fcnf hr2-H\u00f6rfunk-Features lassen &#8220;Frankfurts Goldene Hochzeiten mit dem Jazz&#8221; in musikalischen Tondokumenten und Kommentaren von Zeitzeugen wieder lebendig werden.<\/p>\n<p><strong><img decoding=\"async\" id=\"image251\" title=\"Real Book\" src=\"https:\/\/www.kontrabassblog.de\/wp-content\/uploads\/2007\/05\/0634060384.01._AA240_SCLZZZZZZZ_.thumbnail.jpg\" alt=\"Real Book\" align=\"right\" \/>The Real Book, For All &#8220;C&#8221; Instruments, Volume 1<\/strong><br \/>\n22.95 \u20ac<br \/>\n&#8220;The Real Book&#8221; ist seit Jahren die wichtigste Sammlung von Jazz-Standards, und geh\u00f6rt heute zur selbstverst\u00e4ndlichen Grundausstattung eines Jazzmusikers. Die ersten Ausgaben nahmen es mit den Urheber- und Verlagsrechten nicht so genau, und wurden quasi &#8220;unter dem Ladentisch&#8221; verkauft. Inzwischen ist eine legalisierte Ausgabe des Klassikers bei Hal Leonard erh\u00e4ltlich, die zwar etwas von den ersten f\u00fcnf Auflagen abweicht, erfreulicherweise aber sogar etwas g\u00fcnstiger ist als seine Vorg\u00e4nger.<\/p>\n<p>Auch im Bassschl\u00fcssel notiert erh\u00e4ltlich.<br \/>\nEine \u00dcbersicht \u00fcber die g\u00e4ngigsten Real- bzw. Fake-Books gibt es auf der Website des Pianisten <a href=\"http:\/\/www.michaelsattler.de\/realbooks\/\" target=\"_blank\" rel=\"noopener\">Michael Sattler<\/a>.<\/p>\n<p><img decoding=\"async\" id=\"image107\" title=\"b_poehlert1.jpg\" src=\"https:\/\/www.kontrabassblog.de\/wp-content\/uploads\/2006\/05\/b_poehlert1.thumbnail.jpg\" alt=\"b_poehlert1.jpg\" align=\"right\" \/><strong>Grundlagenharmonik<\/strong><br \/>\nWerner P\u00f6hlert<br \/>\n23 \u20ac<br \/>\nEin umfangreiches Studien- und Nachschlage-Werk zu den harmonischen Grundlagen der (Jazz-)Musik. Zahlreiche Aufs\u00e4tze und Grafiken zu Grundlagenharmonischen Denken, Grundlagentechnik, Improvisation, naturwissenschaftliche Parallelen, historische Er\u00f6rterungen u.v.m.<br \/>\nVon Jazzgitarrist und -Publizist <a href=\"http:\/\/de.wikipedia.org\/wiki\/Werner_P\u00f6hlert\" target=\"_blank\" rel=\"noopener\">Werner P\u00f6hlert<\/a>.<\/p>\n","protected":false},"excerpt":{"rendered":"<p>Kontrabassbau und -Geschichte Das Kontrabass-Buch Jonas Lohse http:\/\/www.jonaslohse.de\/bassbuch\/ &nbsp; Geschichte des Kontrabasses Alfred Planyavsky, Herbert Seifert 220 \u20ac Ein wirklich dicker W\u00e4lzer, der neben instrumentenbaulichen Aspekten vor allem musikhistorische Themen behandelt. Zahlreiche Reproduktionen alter Abbildungen von Kontrab\u00e4ssen und Gamben (Stiche, Holzschnitte, Gem\u00e4lde). Da dieses Werk nun wirklich zu der teureren Sorte geh\u00f6rt, lohnt u. U. &hellip; <a href=\"https:\/\/www.kontrabassblog.de\/?page_id=99\" class=\"more-link\">Read more <span class=\"screen-reader-text\">Buchtipps<\/span><\/a><\/p>\n","protected":false},"author":1,"featured_media":0,"parent":1753,"menu_order":0,"comment_status":"open","ping_status":"open","template":"","meta":{"footnotes":""},"categories":[1],"tags":[],"class_list":["post-99","page","type-page","status-publish","hentry","category-allgemein"],"_links":{"self":[{"href":"https:\/\/www.kontrabassblog.de\/index.php?rest_route=\/wp\/v2\/pages\/99","targetHints":{"allow":["GET"]}}],"collection":[{"href":"https:\/\/www.kontrabassblog.de\/index.php?rest_route=\/wp\/v2\/pages"}],"about":[{"href":"https:\/\/www.kontrabassblog.de\/index.php?rest_route=\/wp\/v2\/types\/page"}],"author":[{"embeddable":true,"href":"https:\/\/www.kontrabassblog.de\/index.php?rest_route=\/wp\/v2\/users\/1"}],"replies":[{"embeddable":true,"href":"https:\/\/www.kontrabassblog.de\/index.php?rest_route=%2Fwp%2Fv2%2Fcomments&post=99"}],"version-history":[{"count":5,"href":"https:\/\/www.kontrabassblog.de\/index.php?rest_route=\/wp\/v2\/pages\/99\/revisions"}],"predecessor-version":[{"id":2822,"href":"https:\/\/www.kontrabassblog.de\/index.php?rest_route=\/wp\/v2\/pages\/99\/revisions\/2822"}],"up":[{"embeddable":true,"href":"https:\/\/www.kontrabassblog.de\/index.php?rest_route=\/wp\/v2\/pages\/1753"}],"wp:attachment":[{"href":"https:\/\/www.kontrabassblog.de\/index.php?rest_route=%2Fwp%2Fv2%2Fmedia&parent=99"}],"wp:term":[{"taxonomy":"category","embeddable":true,"href":"https:\/\/www.kontrabassblog.de\/index.php?rest_route=%2Fwp%2Fv2%2Fcategories&post=99"},{"taxonomy":"post_tag","embeddable":true,"href":"https:\/\/www.kontrabassblog.de\/index.php?rest_route=%2Fwp%2Fv2%2Ftags&post=99"}],"curies":[{"name":"wp","href":"https:\/\/api.w.org\/{rel}","templated":true}]}}