{"id":4,"date":"2006-04-28T00:33:50","date_gmt":"2006-04-27T22:33:50","guid":{"rendered":"http:\/\/www.kontrabassblog.de\/?page_id=4"},"modified":"2023-02-19T11:29:24","modified_gmt":"2023-02-19T11:29:24","slug":"kontrabass-knowhow","status":"publish","type":"page","link":"https:\/\/www.kontrabassblog.de\/?page_id=4","title":{"rendered":"\u00dcber den Kontrabass"},"content":{"rendered":"<p>An dieser Stelle hatte ich bisher eine Reihe von Artikeln ver\u00f6ffentlicht, die im Laufe der letzten Jahre f\u00fcr diesen Weblog bzw.\u00a0<a title=\"DoubleBassGuide.com\" href=\"http:\/\/www.doublebassguide.com\" target=\"_blank\" rel=\"noopener noreferrer\">www.doublebassguide.com<\/a> entstanden sind. Diese Artikel besch\u00e4ftigen sich mit der Enwicklungsgeschichte des Kontrabass\u2019 und die Herstellung von Saiten, Tipps zum Kauf eines Basses, Klangoptimierung, und der Entwicklung der elektrischen Verst\u00e4rkung seit den 1940er Jahren.<\/p>\n<p>Mittlerweile habe ich diese Texte gr\u00fcndlich \u00fcberarbeitet und in Buchform ver\u00f6ffentlicht, weswegen nur nur Ausz\u00fcge hier im Weblog zu finden sind. Mehr Informationen dazu unter <a href=\"https:\/\/www.lohse-verlag.de\">www.Lohse-Verlag.de<\/a><\/p>\n<p>Auf der Buchtipps-Seite habe ich eine Liste empfehlenswerte B\u00fccher zu den Themen Kontrabass-Geschichte, Geigen- und Bassbau, Kontrabass-Schulen und allgemeine Jazz- und Musikb\u00fccher zusammengestellt.<\/p>\n<h3>Weitere Ressourcen<\/h3>\n<p>Eine \u00dcbersicht \u00fcber eine Handvoll aktueller Kontrabass-Tonabnehmer bildete vor rund 20 Jahren den Ausgangspunkt f\u00fcr meine erste Website zum Thema Kontrabass. Inzwischen gibt <a href=\"http:\/\/www.doublebassguide.com\/4_pickups.html\" target=\"_blank\" rel=\"noopener noreferrer\">www.doublebassguide.com<\/a> einen \u00dcberblick \u00fcber Tonabnehmer von mehr als 60 verschiedene Herstellern sowie Verst\u00e4rkern f\u00fcr den Kontrabass.<\/p>\n<p>Zusammen mit Mark Meyer-Eppler von <a href=\"http:\/\/www.geba-online.de\" target=\"_blank\" rel=\"noopener noreferrer\">www.geba-online.de<\/a> habe ich Begriffe und englische \u00dcbersetzungen aus den Wortfeldern Kontrabass und Geigenbau f\u00fcr den Start eines kleinen <a href=\"http:\/\/geba-online.de\/site.php4?hl=Dictionary\" target=\"_blank\" rel=\"noopener noreferrer\">Kontrabass-Wiki<\/a> (= Online-Lexikon) zusammengestellt. Au\u00dferdem haben wir dort die Lebensdaten zahlreicher historischer <em>Alter Meister<\/em>, sowie die Adressen von Bassbau-Werkst\u00e4tten der Gegenwart zusammengetragen.<\/p>\n<p>Bassbau-Werkst\u00e4tten in aller Welt lassen sich mit meiner <a href=\"https:\/\/www.kontrabassblog.de\/?page_id=297\">Google-Map<\/a> ausfindig machen.<\/p>\n<p style=\"text-align: center;\"><a href=\"http:\/\/www.copyscape.com\/\"><img loading=\"lazy\" decoding=\"async\" title=\"Do not copy content from the page. Plagiarism will be detected by Copyscape.\" src=\"http:\/\/banners.copyscape.com\/images\/cs-wh-234x16.gif\" alt=\"Page copy protected against web site content infringement by Copyscape\" width=\"234\" height=\"16\" border=\"0\" \/><\/a><\/p>\n","protected":false},"excerpt":{"rendered":"<p>An dieser Stelle hatte ich bisher eine Reihe von Artikeln ver\u00f6ffentlicht, die im Laufe der letzten Jahre f\u00fcr diesen Weblog bzw.\u00a0www.doublebassguide.com entstanden sind. Diese Artikel besch\u00e4ftigen sich mit der Enwicklungsgeschichte des Kontrabass\u2019 und die Herstellung von Saiten, Tipps zum Kauf eines Basses, Klangoptimierung, und der Entwicklung der elektrischen Verst\u00e4rkung seit den 1940er Jahren. Mittlerweile habe &hellip; <a href=\"https:\/\/www.kontrabassblog.de\/?page_id=4\" class=\"more-link\">Read more <span class=\"screen-reader-text\">\u00dcber den Kontrabass<\/span><\/a><\/p>\n","protected":false},"author":1,"featured_media":0,"parent":0,"menu_order":3,"comment_status":"closed","ping_status":"open","template":"","meta":{"footnotes":""},"categories":[1],"tags":[],"class_list":["post-4","page","type-page","status-publish","hentry","category-allgemein"],"_links":{"self":[{"href":"https:\/\/www.kontrabassblog.de\/index.php?rest_route=\/wp\/v2\/pages\/4","targetHints":{"allow":["GET"]}}],"collection":[{"href":"https:\/\/www.kontrabassblog.de\/index.php?rest_route=\/wp\/v2\/pages"}],"about":[{"href":"https:\/\/www.kontrabassblog.de\/index.php?rest_route=\/wp\/v2\/types\/page"}],"author":[{"embeddable":true,"href":"https:\/\/www.kontrabassblog.de\/index.php?rest_route=\/wp\/v2\/users\/1"}],"replies":[{"embeddable":true,"href":"https:\/\/www.kontrabassblog.de\/index.php?rest_route=%2Fwp%2Fv2%2Fcomments&post=4"}],"version-history":[{"count":5,"href":"https:\/\/www.kontrabassblog.de\/index.php?rest_route=\/wp\/v2\/pages\/4\/revisions"}],"predecessor-version":[{"id":3516,"href":"https:\/\/www.kontrabassblog.de\/index.php?rest_route=\/wp\/v2\/pages\/4\/revisions\/3516"}],"wp:attachment":[{"href":"https:\/\/www.kontrabassblog.de\/index.php?rest_route=%2Fwp%2Fv2%2Fmedia&parent=4"}],"wp:term":[{"taxonomy":"category","embeddable":true,"href":"https:\/\/www.kontrabassblog.de\/index.php?rest_route=%2Fwp%2Fv2%2Fcategories&post=4"},{"taxonomy":"post_tag","embeddable":true,"href":"https:\/\/www.kontrabassblog.de\/index.php?rest_route=%2Fwp%2Fv2%2Ftags&post=4"}],"curies":[{"name":"wp","href":"https:\/\/api.w.org\/{rel}","templated":true}]}}