{"id":1858,"date":"2014-08-12T07:55:51","date_gmt":"2014-08-12T07:55:51","guid":{"rendered":"http:\/\/www.kontrabassblog.de\/?page_id=1858"},"modified":"2014-08-12T07:58:35","modified_gmt":"2014-08-12T07:58:35","slug":"kontrabass-events-in-europa","status":"publish","type":"page","link":"https:\/\/www.kontrabassblog.de\/?page_id=1858","title":{"rendered":"Kontrabass-Events in Europa"},"content":{"rendered":"<p><a href=\"http:\/\/www.basseurope.org\">BASSEUROPE<\/a> ist ein Verein von Bassisten in Europa, \u00e4hnlich der ISB (International Society of Bassists), die ihren Fokus auf Amerika hat.<\/p>\n<p>BASSEUROPE pflegt einen Google-Kalender mit Veranstaltungen wir Wettbewerben, Masterclasses, Conventions usw., den ich hier eingebunden habe. Wer \u00fcber die Aktivit\u00e4ten auf europ\u00e4ischer Ebene auf dem Laufenden bleiben will, sollte au\u00dferdem den <a href=\"http:\/\/basseurope.org\/lists\/?p=subscribe\">BASSEUROPE Newsletter<\/a> abonnieren.<\/p>\n<p><iframe loading=\"lazy\" style=\"border-width: 0;\" src=\"https:\/\/www.google.com\/calendar\/embed?height=600&amp;wkst=1&amp;bgcolor=%23FFFFFF&amp;src=post%40basseurope.org&amp;color=%232F6309&amp;ctz=Europe%2FBerlin\" width=\"600\" height=\"600\" frameborder=\"0\" scrolling=\"no\"><\/iframe><\/p>\n","protected":false},"excerpt":{"rendered":"<p>BASSEUROPE ist ein Verein von Bassisten in Europa, \u00e4hnlich der ISB (International Society of Bassists), die ihren Fokus auf Amerika hat. BASSEUROPE pflegt einen Google-Kalender mit Veranstaltungen wir Wettbewerben, Masterclasses, Conventions usw., den ich hier eingebunden habe. Wer \u00fcber die Aktivit\u00e4ten auf europ\u00e4ischer Ebene auf dem Laufenden bleiben will, sollte au\u00dferdem den BASSEUROPE Newsletter abonnieren.<\/p>\n","protected":false},"author":1,"featured_media":0,"parent":1753,"menu_order":50,"comment_status":"open","ping_status":"open","template":"","meta":{"footnotes":""},"categories":[],"tags":[],"class_list":["post-1858","page","type-page","status-publish","hentry"],"_links":{"self":[{"href":"https:\/\/www.kontrabassblog.de\/index.php?rest_route=\/wp\/v2\/pages\/1858","targetHints":{"allow":["GET"]}}],"collection":[{"href":"https:\/\/www.kontrabassblog.de\/index.php?rest_route=\/wp\/v2\/pages"}],"about":[{"href":"https:\/\/www.kontrabassblog.de\/index.php?rest_route=\/wp\/v2\/types\/page"}],"author":[{"embeddable":true,"href":"https:\/\/www.kontrabassblog.de\/index.php?rest_route=\/wp\/v2\/users\/1"}],"replies":[{"embeddable":true,"href":"https:\/\/www.kontrabassblog.de\/index.php?rest_route=%2Fwp%2Fv2%2Fcomments&post=1858"}],"version-history":[{"count":3,"href":"https:\/\/www.kontrabassblog.de\/index.php?rest_route=\/wp\/v2\/pages\/1858\/revisions"}],"predecessor-version":[{"id":1862,"href":"https:\/\/www.kontrabassblog.de\/index.php?rest_route=\/wp\/v2\/pages\/1858\/revisions\/1862"}],"up":[{"embeddable":true,"href":"https:\/\/www.kontrabassblog.de\/index.php?rest_route=\/wp\/v2\/pages\/1753"}],"wp:attachment":[{"href":"https:\/\/www.kontrabassblog.de\/index.php?rest_route=%2Fwp%2Fv2%2Fmedia&parent=1858"}],"wp:term":[{"taxonomy":"category","embeddable":true,"href":"https:\/\/www.kontrabassblog.de\/index.php?rest_route=%2Fwp%2Fv2%2Fcategories&post=1858"},{"taxonomy":"post_tag","embeddable":true,"href":"https:\/\/www.kontrabassblog.de\/index.php?rest_route=%2Fwp%2Fv2%2Ftags&post=1858"}],"curies":[{"name":"wp","href":"https:\/\/api.w.org\/{rel}","templated":true}]}}