{"id":1758,"date":"2014-03-01T23:10:53","date_gmt":"2014-03-01T23:10:53","guid":{"rendered":"http:\/\/www.kontrabassblog.de\/?page_id=1758"},"modified":"2014-03-01T23:10:53","modified_gmt":"2014-03-01T23:10:53","slug":"jazz-jam-sessions","status":"publish","type":"page","link":"https:\/\/www.kontrabassblog.de\/?page_id=1758","title":{"rendered":"Jazz Jam Sessions"},"content":{"rendered":"<p>Diese Google-Map verzeichnet Jazz Jam Sessions \u2013 neben den Veranstaltungsort und -Termin wird (wenn m\u00f6glich) auch eine Einsch\u00e4tzung des Niveaus gegeben.<br \/>\nErg\u00e4nzungen sind stets willkommen.<\/p>\n<p><iframe loading=\"lazy\" src=\"https:\/\/www.google.de\/maps\/ms?hl=de&amp;msid=215409145086051047278.00044f505eecd28db6780&amp;msa=0&amp;ie=UTF8&amp;t=m&amp;ll=49.104652,-47.769255&amp;spn=22.723947,149.430523&amp;output=embed\" height=\"350\" width=\"425\" frameborder=\"0\" marginwidth=\"0\" marginheight=\"0\" scrolling=\"no\"><\/iframe><br \/>\n<small><a style=\"color: #0000ff; text-align: left;\" href=\"https:\/\/www.google.de\/maps\/ms?hl=de&amp;msid=215409145086051047278.00044f505eecd28db6780&amp;msa=0&amp;ie=UTF8&amp;t=m&amp;ll=49.104652,-47.769255&amp;spn=22.723947,149.430523&amp;source=embed\">Jazz Session Map<\/a> auf einer gr\u00f6\u00dferen Karte anzeigen<\/small><\/p>\n","protected":false},"excerpt":{"rendered":"<p>Diese Google-Map verzeichnet Jazz Jam Sessions \u2013 neben den Veranstaltungsort und -Termin wird (wenn m\u00f6glich) auch eine Einsch\u00e4tzung des Niveaus gegeben. Erg\u00e4nzungen sind stets willkommen. Jazz Session Map auf einer gr\u00f6\u00dferen Karte anzeigen<\/p>\n","protected":false},"author":1,"featured_media":0,"parent":1753,"menu_order":3,"comment_status":"open","ping_status":"open","template":"","meta":{"footnotes":""},"categories":[],"tags":[],"class_list":["post-1758","page","type-page","status-publish","hentry"],"_links":{"self":[{"href":"https:\/\/www.kontrabassblog.de\/index.php?rest_route=\/wp\/v2\/pages\/1758","targetHints":{"allow":["GET"]}}],"collection":[{"href":"https:\/\/www.kontrabassblog.de\/index.php?rest_route=\/wp\/v2\/pages"}],"about":[{"href":"https:\/\/www.kontrabassblog.de\/index.php?rest_route=\/wp\/v2\/types\/page"}],"author":[{"embeddable":true,"href":"https:\/\/www.kontrabassblog.de\/index.php?rest_route=\/wp\/v2\/users\/1"}],"replies":[{"embeddable":true,"href":"https:\/\/www.kontrabassblog.de\/index.php?rest_route=%2Fwp%2Fv2%2Fcomments&post=1758"}],"version-history":[{"count":1,"href":"https:\/\/www.kontrabassblog.de\/index.php?rest_route=\/wp\/v2\/pages\/1758\/revisions"}],"predecessor-version":[{"id":1759,"href":"https:\/\/www.kontrabassblog.de\/index.php?rest_route=\/wp\/v2\/pages\/1758\/revisions\/1759"}],"up":[{"embeddable":true,"href":"https:\/\/www.kontrabassblog.de\/index.php?rest_route=\/wp\/v2\/pages\/1753"}],"wp:attachment":[{"href":"https:\/\/www.kontrabassblog.de\/index.php?rest_route=%2Fwp%2Fv2%2Fmedia&parent=1758"}],"wp:term":[{"taxonomy":"category","embeddable":true,"href":"https:\/\/www.kontrabassblog.de\/index.php?rest_route=%2Fwp%2Fv2%2Fcategories&post=1758"},{"taxonomy":"post_tag","embeddable":true,"href":"https:\/\/www.kontrabassblog.de\/index.php?rest_route=%2Fwp%2Fv2%2Ftags&post=1758"}],"curies":[{"name":"wp","href":"https:\/\/api.w.org\/{rel}","templated":true}]}}