{"id":1693,"date":"2014-02-23T20:56:43","date_gmt":"2014-02-23T20:56:43","guid":{"rendered":"http:\/\/www.kontrabassblog.de\/?page_id=1693"},"modified":"2014-03-01T23:33:16","modified_gmt":"2014-03-01T23:33:16","slug":"hochschulen","status":"publish","type":"page","link":"https:\/\/www.kontrabassblog.de\/?page_id=1693","title":{"rendered":"Hochschulen"},"content":{"rendered":"<span id=\"tablepress-1-description\" class=\"tablepress-table-description tablepress-table-description-id-1\">Wo \u00fcberall kann man in Deutschland Kontrabass studieren? Und wer unterrichtet wo? Diese Tabelle gibt eine kleine \u00dcbersicht \u00fcber das Ausbildungsangebot in Deutschland.<\/span>\n\n<table id=\"tablepress-1\" class=\"tablepress tablepress-id-1\" aria-describedby=\"tablepress-1-description\">\n<thead>\n<tr class=\"row-1 odd\">\n\t<th class=\"column-1\">Ort<\/th><th class=\"column-2\">Name<\/th><th class=\"column-3\">Genre<\/th><th class=\"column-4\">Studienangebot<\/th><th class=\"column-5\">Dozenten\/Professoren<\/th>\n<\/tr>\n<\/thead>\n<tbody class=\"row-hover\">\n<tr class=\"row-2 even\">\n\t<td class=\"column-1\">Alt\u00f6tting<\/td><td class=\"column-2\"><a href=\"http:\/\/www.max-keller-schule.de\">Berufsfachschule f\u00fcr Musik in Alt\u00f6tting<\/a><\/td><td class=\"column-3\">Klassik, Volksmusik<\/td><td class=\"column-4\">berufsqualifizierenden Abschluss (staatl. gepr\u00fcfter Ensembleleiter in der Fachrichtung Klassik oder Volksmusik)<\/td><td class=\"column-5\">Johann Wagenbauer<\/td>\n<\/tr>\n<tr class=\"row-3 odd\">\n\t<td class=\"column-1\">Berlin<\/td><td class=\"column-2\"><a href=\"http:\/\/www.jazz-institut-berlin.de\">Jazz Institut Berlin<\/a><br \/>\n(Das JIB ist ein von der Universit\u00e4t der K\u00fcnste und der Hochschule f\u00fcr Musik Hanns Eisler im Juli 2005 gemeinsam gegr\u00fcndetes Institut.)<\/td><td class=\"column-3\">Jazz<\/td><td class=\"column-4\"><\/td><td class=\"column-5\"><\/td>\n<\/tr>\n<tr class=\"row-4 even\">\n\t<td class=\"column-1\">Berlin<\/td><td class=\"column-2\">Hochschule f\u00fcr Musik Hanns Eisler Berlin<\/td><td class=\"column-3\">Klassik<\/td><td class=\"column-4\">Bachelor, Master und Konzertexamen<\/td><td class=\"column-5\">Prof. Stephan Petzold, Prof. Esko Laine, Prof. Janne Saksala, Matthew Mc Donald, Prof. Barbara Sanderling, Axel Scherka<\/td>\n<\/tr>\n<tr class=\"row-5 odd\">\n\t<td class=\"column-1\">Berlin<\/td><td class=\"column-2\">Universit\u00e4t der K\u00fcnste Berlin<\/td><td class=\"column-3\">Klassik<\/td><td class=\"column-4\">Bachelor, Master, Konzertexamen<\/td><td class=\"column-5\">Prof. Michael Barry Wolf<\/td>\n<\/tr>\n<tr class=\"row-6 even\">\n\t<td class=\"column-1\">Bremen<\/td><td class=\"column-2\"><a href=\"http:\/\/www.hfk-bremen.de\">Hochschule f\u00fcr K\u00fcnste Bremen<\/a><\/td><td class=\"column-3\">Klassik, Jazz<\/td><td class=\"column-4\">Bachelor, Master<\/td><td class=\"column-5\">Prof. Stefan Adelmann, Prof. Markus Schieferdecker (Jazz)<\/td>\n<\/tr>\n<tr class=\"row-7 odd\">\n\t<td class=\"column-1\">Darmstadt<\/td><td class=\"column-2\"><a href=\"http:\/\/www.akademie-fuer-tonkunst.de\">Akademie f\u00fcr Tonkunst Darmstadt<\/a><\/td><td class=\"column-3\">Klassik<\/td><td class=\"column-4\">Bachelor, Master<\/td><td class=\"column-5\"><\/td>\n<\/tr>\n<tr class=\"row-8 even\">\n\t<td class=\"column-1\">Detmold<\/td><td class=\"column-2\"><a href=\"http:\/\/www.hfm-detmold.de\">Hochschule f\u00fcr Musik Detmold<\/a><\/td><td class=\"column-3\">Klassik<\/td><td class=\"column-4\">Bachelor, Master, Konzertexamen<\/td><td class=\"column-5\">Stanislav Anischenko<\/td>\n<\/tr>\n<tr class=\"row-9 odd\">\n\t<td class=\"column-1\">Dinkelsb\u00fchl<\/td><td class=\"column-2\"><a href=\"http:\/\/www.bfs-musik.de\">Berufsfachschule Mittelfranken<\/a><\/td><td class=\"column-3\">Klassik, Pop\/Rock\/Jazz<\/td><td class=\"column-4\">(Vorbereitung auf Studium)<\/td><td class=\"column-5\">Norbert Meyer-Venus<\/td>\n<\/tr>\n<tr class=\"row-10 even\">\n\t<td class=\"column-1\">Dortmund<\/td><td class=\"column-2\"><a href=\"http:\/\/www.dortmund.de\/de\/freizeit_und_kultur\/musikschule\/besondereangebotedermusikschule\/jazzakademie\/index.html\">Glen Buschmann Akademie<\/a><\/td><td class=\"column-3\">Jazz\/Pop<\/td><td class=\"column-4\">Vorausbildung (2 Sem.) sowie Vollausbildung (4 Sem.) + Abschlusszeugnis. <\/td><td class=\"column-5\">Ingo Senst, Martin Scheer <\/td>\n<\/tr>\n<tr class=\"row-11 odd\">\n\t<td class=\"column-1\">Dresden<\/td><td class=\"column-2\"><a href=\"http:\/\/www.hfmdd.de\">Hochschule f\u00fcr Musik Carl Maria von Weber Dresden<\/a><\/td><td class=\"column-3\">Klassik, Jazz\/Pop\/Rock<\/td><td class=\"column-4\"><\/td><td class=\"column-5\">Prof. Helmut Branny,  Prof. Waldemar Schwierz, Tobias Gl\u00f6ckler, Torsten Hoppe, Benedikt H\u00fcbner, Raimond P\u00e4schel (Klassik), Tom G\u00f6tze, Tino Scholz, Jacki Reznicek (Jazz)<\/td>\n<\/tr>\n<tr class=\"row-12 even\">\n\t<td class=\"column-1\">D\u00fcsseldorf<\/td><td class=\"column-2\"><a href=\"http:\/\/www.rsh-duesseldorf.de\">Robert Schumann Hochschule D\u00fcsseldorf<\/a><\/td><td class=\"column-3\">Klassik, Jazz\/Pop<\/td><td class=\"column-4\">Bachelor, Master und Konzertexamen<\/td><td class=\"column-5\">Prof. Detmar Kurig, Michael J\u00fcrgen, Vlado Zatko (Klassik), Joachim Tirler (Jazz)<\/td>\n<\/tr>\n<tr class=\"row-13 odd\">\n\t<td class=\"column-1\">Essen<\/td><td class=\"column-2\"><a href=\"http:\/\/www.folkwang-uni.de\">Folkwangs Universit\u00e4t der K\u00fcnste<\/a><\/td><td class=\"column-3\">Klassik, Jazz\/Pop<\/td><td class=\"column-4\">Bachelor, Master, <\/td><td class=\"column-5\">Robert Landfermann (Jazz), Prof. Niek de Groot, Olivier Thierry<\/td>\n<\/tr>\n<tr class=\"row-14 even\">\n\t<td class=\"column-1\">Frankfurt\/Main<\/td><td class=\"column-2\"><a href=\"http:\/\/www.hfmdk-Frankfurt.de\">Hochschule f\u00fcr Musik und darstellende Kunst Frankfurt<\/a><\/td><td class=\"column-3\">Klassik<\/td><td class=\"column-4\">Bachelor, Master, Konzertexamen<\/td><td class=\"column-5\">Prof. Christoph Schmidt, Dane Roberts<\/td>\n<\/tr>\n<tr class=\"row-15 odd\">\n\t<td class=\"column-1\">Frankfurt\/Main<\/td><td class=\"column-2\"><a href=\"http:\/\/www.dr-hochs.de\">Dr. Hoch\u2019s Konservatorium<\/a><\/td><td class=\"column-3\">Klassik, Jazz\/Pop<\/td><td class=\"column-4\">BA, 8 Semester k\u00fcnstlerisch-p\u00e4dagogische Ausrichtung mit dem Abschluss: BACHELOR OF MUSIC KA \u0080, K\u00fcnstlerische Ausbildung mit dem Konservatoriumsabschluss, K\u00fcnstlerischen Reifepr\u00fcfung, Studienvorbereitender Studiengang PRE COLLEGE FRANKFURT gegen Geb\u00fchr, ohne Abschluss<\/td><td class=\"column-5\">Dietmar Fuhr (Jazz), Bruno Suys (Klassik)<\/td>\n<\/tr>\n<tr class=\"row-16 even\">\n\t<td class=\"column-1\">Frankfurt\/Main<\/td><td class=\"column-2\"><a href=\"http:\/\/www.fmw.de\">Frankfurter Musikwerkstatt<\/a><\/td><td class=\"column-3\">Jazz\/Pop<\/td><td class=\"column-4\">Studium zum staatlich anerkannter Berufsmusiker und Instrumentalp\u00e4dagoge f\u00fcr Jazz und Popularmusik\u0080\u0099<br \/>\n- achtsemestrig<\/td><td class=\"column-5\">Sascha Feldmann<\/td>\n<\/tr>\n<tr class=\"row-17 odd\">\n\t<td class=\"column-1\">Freiburg<\/td><td class=\"column-2\">Hochschule f\u00fcr Musik Freiburg<\/td><td class=\"column-3\">Klassik<\/td><td class=\"column-4\">Bachelor Musik, Master Musik, Advanced Studies oder Soloist Diploma<\/td><td class=\"column-5\">Prof. Bozo Paradzik, Joachim Fleck<\/td>\n<\/tr>\n<tr class=\"row-18 even\">\n\t<td class=\"column-1\">Freiburg<\/td><td class=\"column-2\"><a href=\"http:\/\/http:\/\/www.hkdm.de\/studium\/studienangebot\/populaere-musik-ba\/\">Hochschule f\u00fcr Kunst, Design und Musik Freiburg (Fachhochschule)<\/a><\/td><td class=\"column-3\">Jazz\/Pop<\/td><td class=\"column-4\">Bachelor of Arts (8 Semester)<\/td><td class=\"column-5\">Bernd Heitzler, Prof. German Klaiber, Christof Steier<\/td>\n<\/tr>\n<tr class=\"row-19 odd\">\n\t<td class=\"column-1\">Freiburg<\/td><td class=\"column-2\"><a href=\"http:\/\/www.jrs.org\/de\/international-music-college-freiburg\/\">Jazz &amp; Rock Schulen Freiburg \/ International Music College Freiburg<\/a><\/td><td class=\"column-3\">Jazz\/Pop<\/td><td class=\"column-4\">(eigener Abschluss)<\/td><td class=\"column-5\">Bernd Heitzler, Prof. German Klaiber, Christof Steier<\/td>\n<\/tr>\n<tr class=\"row-20 even\">\n\t<td class=\"column-1\">Gie\u00dfen<\/td><td class=\"column-2\"><a href=\"http:\/\/www.rpjam.de\">Rock Pop Jazz Akademie Mittelhessen<\/a><\/td><td class=\"column-3\">Jazz\/Pop<\/td><td class=\"column-4\">Kontrabass als Teil des Hauptfaches (E-)Bass<\/td><td class=\"column-5\">Claudio Zanghieri, Frank H\u00f6flinger<\/td>\n<\/tr>\n<tr class=\"row-21 odd\">\n\t<td class=\"column-1\">Hamburg<\/td><td class=\"column-2\"><a href=\"http:\/\/www.hfmt-hamburg.de\">Hochschule f\u00fcr Musik und Theater Hamburg<\/a><\/td><td class=\"column-3\">Klassik, Jazz\/Pop<\/td><td class=\"column-4\">Instrumentalmusik Bachelor Master Konzertexamen Bachelor Jazz Bachelor Elementar P\u00e4dagogik Schulmusik<\/td><td class=\"column-5\">Prof. Michael Rieber, Jens Bomhardt, Lisa Wulf, Tilmann Oberbeck, Omar Gonzales Castro, Marc Muellbauer (Jazz), Peter Schmidt (Schulmusik).<\/td>\n<\/tr>\n<tr class=\"row-22 even\">\n\t<td class=\"column-1\">Hamburg<\/td><td class=\"column-2\"><a href=\"http:\/\/www.brahms-konservatorium.de\">Brahms-Konservatorium Hamburg<\/a><\/td><td class=\"column-3\">Klassik, Jazz\/Pop<\/td><td class=\"column-4\">Musikp\u00e4dagogik, Abschlusspr\u00fcfung der K\u00fcnstlerischen Reife, Konzertexamen<\/td><td class=\"column-5\">Michael Koslov<\/td>\n<\/tr>\n<tr class=\"row-23 odd\">\n\t<td class=\"column-1\">Hamburg<\/td><td class=\"column-2\"><a href=\"http:\/\/hamburger-konservatorium.de\">Hamburger Konservatorium<\/a><\/td><td class=\"column-3\">Klassik, Jazz\/Pop<\/td><td class=\"column-4\">Diplom-Musikerzieher (DME), B\u00fchnenreife im Studiengang k\u00fcnstlerische Reife\" (KR) <\/td><td class=\"column-5\">Martin Zenker (Jazz), Stefan Sch\u00e4fer (Klassik)<\/td>\n<\/tr>\n<tr class=\"row-24 even\">\n\t<td class=\"column-1\">Hannover<\/td><td class=\"column-2\"><a href=\"http:\/\/www.hmtm-hannover.de\">Hochschule f\u00fcr Musik, Theater und Medien Hannover<\/a><\/td><td class=\"column-3\">Klassik, Jazz\/Pop<\/td><td class=\"column-4\">Bachelor, Master<\/td><td class=\"column-5\">Prof. Ekkehard Beringer (Klassik), Prof. Michael Gudenkauf (Jazz), Andy Lang Kontrabass, Jonathan Ihlenfeld Cuinado (E-Bass)<\/td>\n<\/tr>\n<tr class=\"row-25 odd\">\n\t<td class=\"column-1\">Karlsruhe<\/td><td class=\"column-2\"><a href=\"http:\/\/www.hfm-karlsruhe.de\">Hochschule f\u00fcr Musik Karlsruhe<\/a><\/td><td class=\"column-3\">Klassik<\/td><td class=\"column-4\">Bachelor, Master, Solistenexamen<\/td><td class=\"column-5\"><\/td>\n<\/tr>\n<tr class=\"row-26 even\">\n\t<td class=\"column-1\">Kassel<\/td><td class=\"column-2\"><a href=\"http:\/\/www.musikakademie-kassel.de\/miniwebs\/musikakademie\/05179\/index.html\">Musikakadmie Kassel<\/a><\/td><td class=\"column-3\">Klassik<\/td><td class=\"column-4\">Bachelor<\/td><td class=\"column-5\">Jan Harborth<\/td>\n<\/tr>\n<tr class=\"row-27 odd\">\n\t<td class=\"column-1\">K\u00f6ln<\/td><td class=\"column-2\"><a href=\"http:\/\/www.hfmt-koeln.de\">Hochschule f\u00fcr Musik und Tanz K\u00f6ln (mit Standorten in Aachen und Wuppertal)<\/a><\/td><td class=\"column-3\">Klassik, Jazz\/Pop<\/td><td class=\"column-4\">Bachelor, Master, Konzertexamen<\/td><td class=\"column-5\">Prof. Detmar Kurig, Prof. Hyun Joo Oh, Prof. Veit-Peter Sch\u00fc\u00dfler,  Janusz Widzyk, Robert Grondzel, Uli Jochen Schneider (Klassik), Prof. Robert Landfermann, Sebastian Gramms, Dietmar Fuhr (Jazz)<\/td>\n<\/tr>\n<tr class=\"row-28 even\">\n\t<td class=\"column-1\">Leipzig<\/td><td class=\"column-2\"><a href=\"http:\/\/www.hmt-leipzig.de\/home\/fachrichtungen\/streichinstrumente-harfe\/studiengaenge-streichinstrument\">Hochschule f\u00fcr Musik und Theater<br \/>\nFelix Mendelssohn Bartholdy Leipzig<\/a><\/td><td class=\"column-3\">Klassik, Jazz<\/td><td class=\"column-4\">Bachelor \/ drei Master \/ Meister \/ ggf. Akademieklasse bzw. Orchesterakademie \/ Nachwuchsf\u00f6rderklasse<\/td><td class=\"column-5\">Prof. Frithjof-Martin  Grabner,  Benedikt H\u00fcbner, Klaus Niemeier (Klassik), Prof. Pepe Berns, Matthias Eichhorn, Alfred Kalfass (Jazz)<\/td>\n<\/tr>\n<tr class=\"row-29 odd\">\n\t<td class=\"column-1\">L\u00fcbeck<\/td><td class=\"column-2\"><a href=\"http:\/\/www.mh-luebeck.de\">Musikhochschule L\u00fcbeck<\/a><\/td><td class=\"column-3\">Klassik<\/td><td class=\"column-4\">Bachelor, Master<\/td><td class=\"column-5\">Prof. J\u00f6rg Linowitzki<\/td>\n<\/tr>\n<tr class=\"row-30 even\">\n\t<td class=\"column-1\">Mainz<\/td><td class=\"column-2\"><a href=\"http:\/\/www.pckmainz.de\">Peter-Cornelius-Konservatorium Mainz<\/a><\/td><td class=\"column-3\">Klassik<\/td><td class=\"column-4\">im Nebenfach; SMP und K\u00fcnstlerische Reife (Orchesterklasse)<\/td><td class=\"column-5\">Norbert Banz<\/td>\n<\/tr>\n<tr class=\"row-31 odd\">\n\t<td class=\"column-1\">Mainz<\/td><td class=\"column-2\"><a href=\"http:\/\/www.musik.uni-mainz.de\">Johannes Gutenberg Universit\u00e4t Mainz (Hochschule f\u00fcr Musik Mainz)<\/a><\/td><td class=\"column-3\">Klassik, Jazz\/Pop<\/td><td class=\"column-4\">Bachelor<\/td><td class=\"column-5\">Prof. Marc Muellbauer, Ralf Cetto, Bastian Weinig, Vroni Frisch (Jazz), Prof. Waldemar Schwierz (Klassik)<\/td>\n<\/tr>\n<tr class=\"row-32 even\">\n\t<td class=\"column-1\">Mannheim<\/td><td class=\"column-2\"><a href=\"http:\/\/www.muho-mannheim.de\">Hochschule f\u00fcr Musik und darstellende Kunst Mannheim<\/a><\/td><td class=\"column-3\">Klassik, Jazz\/Pop<\/td><td class=\"column-4\"><\/td><td class=\"column-5\">Prof. Matthias Akio Nowak (Jazz), Prof. Petru Iuga (Klassik)<\/td>\n<\/tr>\n<tr class=\"row-33 odd\">\n\t<td class=\"column-1\">M\u00fcnchen<\/td><td class=\"column-2\"><a href=\"http:\/\/jazz.musikhochschule-muenchen.de\">Hochschule f\u00fcr Musik und Theater M\u00fcnchen<\/a><\/td><td class=\"column-3\"><\/td><td class=\"column-4\">k\u00fcnstlerischer Bachelorstudiengang, k\u00fcnstlerisch-p\u00e4dagogischer Bachelorstudiengang, k\u00fcnstlerischer Master, Master Instrumentalp\u00e4dagogik, Lehramt Gymnasium, Lehramt Grund-, Haupt- und Realschule, Zertifikatsstudium Meisterklasse<\/td><td class=\"column-5\">Paolo Cardoso (Jazz), Prof. G\u00fcnter Holzhausen, Prof. Roman Patkolo, Prof. Nabil Shehata, Prof. Heinrich Braun, Philipp Stubenrauch<\/td>\n<\/tr>\n<tr class=\"row-34 even\">\n\t<td class=\"column-1\">N\u00fcrnberg<\/td><td class=\"column-2\"><a href=\"http:\/\/www.hfm-nuernberg.de\">Hochschule f\u00fcr Musik N\u00fcrnberg<\/a><\/td><td class=\"column-3\">Klassik, Jazz\/Pop<\/td><td class=\"column-4\"><\/td><td class=\"column-5\">Prof. Dorin Marc (Klassik), Prof. Robert Luccacio, Christian Diener (Jazz)<\/td>\n<\/tr>\n<tr class=\"row-35 odd\">\n\t<td class=\"column-1\">Osnabr\u00fcck<\/td><td class=\"column-2\"><a href=\"http:\/\/www.ifm.hs-osnabrueck.de\">Hochschule Osnabr\u00fcck<\/a><\/td><td class=\"column-3\">Klassik, Jazz\/Pop<\/td><td class=\"column-4\">Bachelor<\/td><td class=\"column-5\">Sebastian Gramms (Jazz), Matthias Wernecke, Stefan Zwick (Klassik)<\/td>\n<\/tr>\n<tr class=\"row-36 even\">\n\t<td class=\"column-1\">Regensburg<\/td><td class=\"column-2\"><a href=\"http:\/\/www.music-college.com\">Berufsfachschule Regensburg \/ Music College<\/a><\/td><td class=\"column-3\">Jazz\/Pop<\/td><td class=\"column-4\">Staatliche Abschlusspr\u00fcfung<br \/>\n\u201eStaatl. gepr\u00fcfter Leiter f\u00fcr Popularmusik\u201d; Staatliche Abschlusspr\u00fcfung<br \/>\n\u201eP\u00e4dagogische Zusatzqualifikation\u201d<\/td><td class=\"column-5\">Markus Fritsch<\/td>\n<\/tr>\n<tr class=\"row-37 odd\">\n\t<td class=\"column-1\">Rostock<\/td><td class=\"column-2\"><a href=\"http:\/\/www.hmt-rostock.de\">Hochschule f\u00fcr Musik Rostock<\/a><\/td><td class=\"column-3\">Klassik<\/td><td class=\"column-4\">Bachelor, Konzertexamen (Meisterklasse)<\/td><td class=\"column-5\">Prof. Silvio Dalla Torre, Frank Thoenes<\/td>\n<\/tr>\n<tr class=\"row-38 even\">\n\t<td class=\"column-1\">Saarbr\u00fccken<\/td><td class=\"column-2\"><a href=\"http:\/\/www.hfm.saarland.de\">Hochschule f\u00fcr Musik Saar<\/a><\/td><td class=\"column-3\"><\/td><td class=\"column-4\">Bachelor, Master und Konzertexamen<\/td><td class=\"column-5\">Stefan Scheib (Jazz), Prof. Wolfgang Harrer<\/td>\n<\/tr>\n<tr class=\"row-39 odd\">\n\t<td class=\"column-1\">Stuttgart<\/td><td class=\"column-2\"><a href=\"http:\/\/www.mh-stuttgart.de\">Staatliche Hochschule f\u00fcr Musik und Darstellende Kunst Stuttgart<\/a><\/td><td class=\"column-3\">Klassik, Jazz\/Pop<\/td><td class=\"column-4\">Bachelor, Master und Konzertexamen<\/td><td class=\"column-5\">Prof. Mini Schulz (Jazz), Song Choi, Prof. Matthias Weber (Klassik)<\/td>\n<\/tr>\n<tr class=\"row-40 even\">\n\t<td class=\"column-1\">Trossingen<\/td><td class=\"column-2\"><a href=\"http:\/\/www.mh-trossingen.de\">Staatlichen Hochschule f\u00fcr Musik Trossingen<\/a><\/td><td class=\"column-3\">Klassik<\/td><td class=\"column-4\">Bachelor, Master, Schulmusik, Konzertexamen<\/td><td class=\"column-5\">Prof. Dietmar Kurig<\/td>\n<\/tr>\n<tr class=\"row-41 odd\">\n\t<td class=\"column-1\">Weimar<\/td><td class=\"column-2\"><a href=\"http:\/\/www.hfm-weimar.de\">Hochschule f\u00fcr Musik Franz Liszt Weimar<\/a><\/td><td class=\"column-3\">Klassik, Jazz<\/td><td class=\"column-4\">im Hauptfach; Bachelor, Master<\/td><td class=\"column-5\">Dominik Greger (Klassik), Prof. Manfred Br\u00fcndl (Jazz)<\/td>\n<\/tr>\n<tr class=\"row-42 even\">\n\t<td class=\"column-1\">W\u00fcrzburg<\/td><td class=\"column-2\"><a href=\"http:\/\/www.hfm-wuerzburg.de\">Hochschule f\u00fcr Musik W\u00fcrzburg<\/a><\/td><td class=\"column-3\">Klassik, Jazz <\/td><td class=\"column-4\"><\/td><td class=\"column-5\">Prof. Reza Askari (Jazz), Prof. Michinori Bunya (Klassik)<\/td>\n<\/tr>\n<\/tbody>\n<\/table>\n<!-- #tablepress-1 from cache -->\n","protected":false},"excerpt":{"rendered":"","protected":false},"author":1,"featured_media":0,"parent":1753,"menu_order":2,"comment_status":"open","ping_status":"open","template":"","meta":{"footnotes":""},"categories":[],"tags":[],"class_list":["post-1693","page","type-page","status-publish","hentry"],"_links":{"self":[{"href":"https:\/\/www.kontrabassblog.de\/index.php?rest_route=\/wp\/v2\/pages\/1693","targetHints":{"allow":["GET"]}}],"collection":[{"href":"https:\/\/www.kontrabassblog.de\/index.php?rest_route=\/wp\/v2\/pages"}],"about":[{"href":"https:\/\/www.kontrabassblog.de\/index.php?rest_route=\/wp\/v2\/types\/page"}],"author":[{"embeddable":true,"href":"https:\/\/www.kontrabassblog.de\/index.php?rest_route=\/wp\/v2\/users\/1"}],"replies":[{"embeddable":true,"href":"https:\/\/www.kontrabassblog.de\/index.php?rest_route=%2Fwp%2Fv2%2Fcomments&post=1693"}],"version-history":[{"count":4,"href":"https:\/\/www.kontrabassblog.de\/index.php?rest_route=\/wp\/v2\/pages\/1693\/revisions"}],"predecessor-version":[{"id":1700,"href":"https:\/\/www.kontrabassblog.de\/index.php?rest_route=\/wp\/v2\/pages\/1693\/revisions\/1700"}],"up":[{"embeddable":true,"href":"https:\/\/www.kontrabassblog.de\/index.php?rest_route=\/wp\/v2\/pages\/1753"}],"wp:attachment":[{"href":"https:\/\/www.kontrabassblog.de\/index.php?rest_route=%2Fwp%2Fv2%2Fmedia&parent=1693"}],"wp:term":[{"taxonomy":"category","embeddable":true,"href":"https:\/\/www.kontrabassblog.de\/index.php?rest_route=%2Fwp%2Fv2%2Fcategories&post=1693"},{"taxonomy":"post_tag","embeddable":true,"href":"https:\/\/www.kontrabassblog.de\/index.php?rest_route=%2Fwp%2Fv2%2Ftags&post=1693"}],"curies":[{"name":"wp","href":"https:\/\/api.w.org\/{rel}","templated":true}]}}