{"id":15,"date":"2006-04-28T10:56:41","date_gmt":"2006-04-28T08:56:41","guid":{"rendered":"http:\/\/www.kontrabassblog.de\/?page_id=15"},"modified":"2014-03-01T22:47:58","modified_gmt":"2014-03-01T22:47:58","slug":"newsletter-abo","status":"publish","type":"page","link":"https:\/\/www.kontrabassblog.de\/?page_id=15","title":{"rendered":"Newsletter-Abo"},"content":{"rendered":"<p>Meinen Kontrabass-Newsletter verschicke ich in unregelm\u00e4\u00dfigen Abst\u00e4nden. Er enth\u00e4lt bereits erschienene Beitr\u00e4ge und Artikel aus meinem Kontrabass-Blog. Praktisch f\u00fcr alle, die nicht regelm\u00e4\u00dfig hier vorbeischauen und dennoch nichts verpassen m\u00f6chten.<br \/>\nZum Abonnieren bitte mit dem <a href=\"http:\/\/eepurl.com\/yP1L\" target=\"_blank\">Abo-Formular <\/a>in die Verteilerliste eintragen \u2013 du erh\u00e4ltst dann zun\u00e4chst eine E-Mail, in der das Abonnement nochmals best\u00e4tigt werden muss. Dies dient dazu, deine E-Mail-Adresse zu verifizieren und vor Missbrauch zu sch\u00fctzen. (Du bekommst dann aber nicht sofort einen aktuellen Rundbrief zugeschickt, sondern erst mit Erscheinen der n\u00e4chsten Ausgabe.)<br \/>\nS\u00e4mtliche Adressen werden von mir nur zum Versand dieses Newsletters verwendet, und nicht an Dritte weitergegeben.<\/p>\n<p><a title=\"Newsletter-Abonnement\" href=\"http:\/\/eepurl.com\/yP1L\" target=\"_blank\"> Zum Newsletter-Abo-Formular \u2026<\/a><\/p>\n<form style=\"text-align: left;\" action=\"http:\/\/www.feedburner.com\/fb\/a\/emailverify\" method=\"post\"><\/form>\n","protected":false},"excerpt":{"rendered":"<p>Meinen Kontrabass-Newsletter verschicke ich in unregelm\u00e4\u00dfigen Abst\u00e4nden. Er enth\u00e4lt bereits erschienene Beitr\u00e4ge und Artikel aus meinem Kontrabass-Blog. Praktisch f\u00fcr alle, die nicht regelm\u00e4\u00dfig hier vorbeischauen und dennoch nichts verpassen m\u00f6chten. Zum Abonnieren bitte mit dem Abo-Formular in die Verteilerliste eintragen \u2013 du erh\u00e4ltst dann zun\u00e4chst eine E-Mail, in der das Abonnement nochmals best\u00e4tigt werden muss. &hellip; <a href=\"https:\/\/www.kontrabassblog.de\/?page_id=15\" class=\"more-link\">Read more <span class=\"screen-reader-text\">Newsletter-Abo<\/span><\/a><\/p>\n","protected":false},"author":1,"featured_media":0,"parent":0,"menu_order":5,"comment_status":"closed","ping_status":"open","template":"","meta":{"footnotes":""},"categories":[1],"tags":[],"class_list":["post-15","page","type-page","status-publish","hentry","category-allgemein"],"_links":{"self":[{"href":"https:\/\/www.kontrabassblog.de\/index.php?rest_route=\/wp\/v2\/pages\/15","targetHints":{"allow":["GET"]}}],"collection":[{"href":"https:\/\/www.kontrabassblog.de\/index.php?rest_route=\/wp\/v2\/pages"}],"about":[{"href":"https:\/\/www.kontrabassblog.de\/index.php?rest_route=\/wp\/v2\/types\/page"}],"author":[{"embeddable":true,"href":"https:\/\/www.kontrabassblog.de\/index.php?rest_route=\/wp\/v2\/users\/1"}],"replies":[{"embeddable":true,"href":"https:\/\/www.kontrabassblog.de\/index.php?rest_route=%2Fwp%2Fv2%2Fcomments&post=15"}],"version-history":[{"count":3,"href":"https:\/\/www.kontrabassblog.de\/index.php?rest_route=\/wp\/v2\/pages\/15\/revisions"}],"predecessor-version":[{"id":1751,"href":"https:\/\/www.kontrabassblog.de\/index.php?rest_route=\/wp\/v2\/pages\/15\/revisions\/1751"}],"wp:attachment":[{"href":"https:\/\/www.kontrabassblog.de\/index.php?rest_route=%2Fwp%2Fv2%2Fmedia&parent=15"}],"wp:term":[{"taxonomy":"category","embeddable":true,"href":"https:\/\/www.kontrabassblog.de\/index.php?rest_route=%2Fwp%2Fv2%2Fcategories&post=15"},{"taxonomy":"post_tag","embeddable":true,"href":"https:\/\/www.kontrabassblog.de\/index.php?rest_route=%2Fwp%2Fv2%2Ftags&post=15"}],"curies":[{"name":"wp","href":"https:\/\/api.w.org\/{rel}","templated":true}]}}